{"id":241,"date":"2019-03-05T15:11:32","date_gmt":"2019-03-05T14:11:32","guid":{"rendered":"https:\/\/planida.at\/?page_id=241"},"modified":"2025-12-03T09:04:01","modified_gmt":"2025-12-03T09:04:01","slug":"impressum","status":"publish","type":"page","link":"https:\/\/www.planida.at\/index.php\/impressum\/","title":{"rendered":"Impressum"},"content":{"rendered":"\n<p><strong>Planida e.U.<\/strong><br>Hehenberg 8<br>4851 Gampern<br>\u00d6sterreich<\/p>\n\n\n\n<hr class=\"wp-block-separator has-css-opacity\"\/>\n\n\n\n<h4 class=\"wp-block-heading\">Kontakt<\/h4>\n\n\n\n<p>Schreiben Sie eine E-Mail an <a href=\"mailto:office@planida.at\">office@planida.at<\/a> oder rufen Sie an unter <a href=\"tel:0699\/17077542\">0699\/17077542<\/a>.<\/p>\n\n\n\n<hr class=\"wp-block-separator has-css-opacity\"\/>\n\n\n\n<h4 class=\"wp-block-heading\">Unternehmensdaten<\/h4>\n\n\n\n<p><strong>Inhaber:<\/strong> Franz Gnigler BSc<\/p>\n\n\n\n<p><strong>Firmenbuchnummer:<\/strong> 508269 f<br><strong>Firmengericht:<\/strong> Landesgericht Linz<br><strong>UID-Nummer:<\/strong> ATU74099138<\/p>\n\n\n\n<p><strong>Beh\u00f6rde gem. ECG: <\/strong>Bezirkshauptmannschaft Linz (Stadt) <br><strong>Kammer<\/strong>: Wirtschaftskammer Ober\u00f6sterreich<br><strong>Fachgruppen:<\/strong> Unternehmensberatung und Informationstechnologie; Werbung und Marktkommunikation<br><strong>Gesch\u00e4ftszweige:<\/strong> Software und Marketing<\/p>\n\n\n\n<h4 class=\"wp-block-heading\"><strong>Copyright<\/strong><\/h4>\n\n\n\n<p>Der gesamte Inhalt der Seite <a href=\"https:\/\/planida.at\/\">https:\/\/planida.at\/<\/a>  ist urheberrechtlich gesch\u00fctzt. S\u00e4mtliche Texte, Bilder, Grafiken und  anderen Informationen dieser Seite d\u00fcrfen nur f\u00fcr pers\u00f6nliche und nicht  f\u00fcr kommerzielle Zwecke verwendet werden. Die angesprochenen Inhalte  d\u00fcrfen weder in Teilen noch im Ganzen ohne die vorherige schriftliche  Zustimmung von Planida e.U. heruntergeladen, ver\u00f6ffentlicht, ver\u00e4ndert,  vervielf\u00e4ltigt, verkauft oder weitergeleitet werden.<\/p>\n\n\n\n<h4 class=\"wp-block-heading\"><strong>Datenschutz<\/strong><\/h4>\n\n\n\n<p>Zur Absicherung unserer Website verwenden wir das Sicherheitsplugin \u201eWordfence\u201c. <br>Wordfence sch\u00fctzt die Website vor Angriffen (z. B. Brute-Force, Malware, Spam). Dabei werden IP-Adressen, Zugriffsversuche und technische Informationen verarbeitet und ggf. an Server in den USA \u00fcbermittelt.<br>Die Verarbeitung erfolgt auf Grundlage unseres berechtigten Interesses an der Sicherheit der Website (Art. 6 Abs. 1 lit. f DSGVO).<br>Weitere Informationen: <a href=\"https:\/\/www.wordfence.com\/privacy-policy\/\">https:\/\/www.wordfence.com\/privacy-policy\/<\/a><\/p>\n\n\n\n<hr class=\"wp-block-separator has-css-opacity\"\/>\n\n\n\n<p><\/p>\n","protected":false},"excerpt":{"rendered":"<p>Planida e.U.Hehenberg 84851 Gampern\u00d6sterreich Kontakt Schreiben Sie eine E-Mail an office@planida.at oder rufen Sie an unter 0699\/17077542. Unternehmensdaten Inhaber: Franz Gnigler BSc Firmenbuchnummer: 508269 fFirmengericht: Landesgericht LinzUID-Nummer: ATU74099138 Beh\u00f6rde gem. ECG: Bezirkshauptmannschaft Linz (Stadt) Kammer: Wirtschaftskammer Ober\u00f6sterreichFachgruppen: Unternehmensberatung und Informationstechnologie; Werbung und MarktkommunikationGesch\u00e4ftszweige: Software und Marketing Copyright Der gesamte Inhalt der Seite https:\/\/planida.at\/ ist urheberrechtlich &hellip; <a href=\"https:\/\/www.planida.at\/index.php\/impressum\/\" class=\"more-link\">Continue reading <span class=\"screen-reader-text\">Impressum<\/span><\/a><\/p>\n","protected":false},"author":1,"featured_media":0,"parent":0,"menu_order":0,"comment_status":"closed","ping_status":"closed","template":"","meta":{"footnotes":""},"class_list":["post-241","page","type-page","status-publish","hentry"],"_links":{"self":[{"href":"https:\/\/www.planida.at\/index.php\/wp-json\/wp\/v2\/pages\/241","targetHints":{"allow":["GET"]}}],"collection":[{"href":"https:\/\/www.planida.at\/index.php\/wp-json\/wp\/v2\/pages"}],"about":[{"href":"https:\/\/www.planida.at\/index.php\/wp-json\/wp\/v2\/types\/page"}],"author":[{"embeddable":true,"href":"https:\/\/www.planida.at\/index.php\/wp-json\/wp\/v2\/users\/1"}],"replies":[{"embeddable":true,"href":"https:\/\/www.planida.at\/index.php\/wp-json\/wp\/v2\/comments?post=241"}],"version-history":[{"count":7,"href":"https:\/\/www.planida.at\/index.php\/wp-json\/wp\/v2\/pages\/241\/revisions"}],"predecessor-version":[{"id":724,"href":"https:\/\/www.planida.at\/index.php\/wp-json\/wp\/v2\/pages\/241\/revisions\/724"}],"wp:attachment":[{"href":"https:\/\/www.planida.at\/index.php\/wp-json\/wp\/v2\/media?parent=241"}],"curies":[{"name":"wp","href":"https:\/\/api.w.org\/{rel}","templated":true}]}}